{"id":205,"date":"2017-11-17T16:09:02","date_gmt":"2017-11-17T16:09:02","guid":{"rendered":"http:\/\/www.psv-unna.de\/wordpress_01\/?page_id=205"},"modified":"2017-11-17T16:09:02","modified_gmt":"2017-11-17T16:09:02","slug":"2010-04-22-polizeisportehrung","status":"publish","type":"page","link":"https:\/\/www.psv-unna.de\/?page_id=205","title":{"rendered":"2010-04-22 Polizeisportehrung"},"content":{"rendered":"<h5><span class=\"texttermine\"><span class=\"fett\">Bielefeld-Bethel\u00a0<\/span> <\/span><\/h5>\n<p>Bei strahlendem Sonnenschein reisten am 22.04.2010 Nordrhein-Westfalens Polizei- Spitzensportler zur Polizei-Sportlerehrung. In der \u201eNeuen Schmiede\u201c der Bodelschwingschen Anstalten nahm NRW Innenminister Dr. Ingo Wolf die Ehrung der Welt-, Europa- und Deutschen Meister vor. Und mittendrin war der Polizeisportverein Unna.<\/p>\n<p>In seiner Ansprache hob der Innenminister insbesondere die hervorragende Jugendarbeit, die Integration aller gesellschaftlichen Gruppen und das soziale Engagement des PSV Unna hervor.<\/p>\n<p>Was 1983 unter gro\u00dfem Einsatz von Dr. Georg Stiebler begann, findet in dieser Ehrung ihren H\u00f6hepunkt. Eine Ehrung, an der viele Anteil haben. Der PSV Unna wird diese Arbeit auch in Zukunft fortsetzen.<\/p>\n<p>Frank Schemmer, 1. Vorsitzender des PSV Unna berichtet: &#8222;Wir sind keine Weltmeister, aber wir haben viele engagierte Trainer und Sportler, die Spa\u00df am Sport haben und dieses gerne weiter geben m\u00f6chten. Daf\u00fcr stehen wir und wurden als \u201ePolizeisportverein des Jahres\u201c ausgezeichnet. Dies macht uns stolz! Stolz weil wir nicht mit Titeln auftrumpfen, sondern mit Spa\u00df und Freude das gemeinschaftliche Miteinander pflegen.&#8220;<\/p>\n<p>Auch in diesem Jahr setzen wir unsere erfolgreiche Arbeit fort:<\/p>\n<ul>\n<li>Die Segler und die Jiu-Abteilung erg\u00e4nzen ihre Beteiligung am Kinder Ferienspa\u00df der Stadt Unna.<\/li>\n<li>Die Jiu- und die Judo Abteilung fahren mit den Kindern und Jugendlichen ins Trainingslager. Um m\u00f6glichst allen die Teilnahme erm\u00f6glichen zu k\u00f6nnen, werden die Fahrten innerhalb des Vereins umfangreich bezuschusst.<\/li>\n<li>Die Segler haben ihre Aufnahmegeb\u00fchr f\u00fcr Kinder und Jugendliche erheblich reduziert.<\/li>\n<li>In allen Bereichen ist beabsichtigt, die Trainingsger\u00e4te zu \u00fcberpr\u00fcfen und ggf. zu erneuern bzw. zu erg\u00e4nzen.<\/li>\n<li>Die T\u00e4nzer erneuern ihre Musikanlage.<\/li>\n<li>Die S\u00e4nger im Shantychor werden auch in diesem Jahr bei karitativen Veranstaltungen auftreten und jeden gerne auf eine musikalische Reise auf den Weltmeeren mitnehmen.<\/li>\n<\/ul>\n<p>Egal wo Ihre\/Eure Interessen liegen. Im PSV Unna findet jeder einen Bereich, in dem er mitmachen kann und Spa\u00df haben wird. Segeln, Shanty, Judo, Jiu Jitsu, Sportsch\u00fctzen, Boxen und Tanzen bieten eine Vielfalt, die man anderswo lange suchen muss. Schauen Sie bei uns hinein. Auf den Seiten der Abteilungen die Sie interessieren finden Sie die wesentlichen Informationen. Und sollte etwas offen bleiben, ein Ansprechpartner steht Ihnen gerne zur Verf\u00fcgung.<\/p>\n<p>&nbsp;<\/p>\n","protected":false},"excerpt":{"rendered":"<p>Bielefeld-Bethel\u00a0 Bei strahlendem Sonnenschein reisten am 22.04.2010 Nordrhein-Westfalens Polizei- Spitzensportler zur Polizei-Sportlerehrung. In der \u201eNeuen Schmiede\u201c der Bodelschwingschen Anstalten nahm NRW Innenminister Dr. Ingo Wolf die Ehrung der Welt-, Europa- und Deutschen Meister vor. Und mittendrin war der Polizeisportverein Unna. In seiner Ansprache hob der Innenminister insbesondere die hervorragende Jugendarbeit, die Integration aller gesellschaftlichen Gruppen [&hellip;]<\/p>\n","protected":false},"author":1,"featured_media":0,"parent":0,"menu_order":0,"comment_status":"closed","ping_status":"closed","template":"","meta":{"footnotes":""},"class_list":["post-205","page","type-page","status-publish","hentry"],"_links":{"self":[{"href":"https:\/\/www.psv-unna.de\/index.php?rest_route=\/wp\/v2\/pages\/205","targetHints":{"allow":["GET"]}}],"collection":[{"href":"https:\/\/www.psv-unna.de\/index.php?rest_route=\/wp\/v2\/pages"}],"about":[{"href":"https:\/\/www.psv-unna.de\/index.php?rest_route=\/wp\/v2\/types\/page"}],"author":[{"embeddable":true,"href":"https:\/\/www.psv-unna.de\/index.php?rest_route=\/wp\/v2\/users\/1"}],"replies":[{"embeddable":true,"href":"https:\/\/www.psv-unna.de\/index.php?rest_route=%2Fwp%2Fv2%2Fcomments&post=205"}],"version-history":[{"count":1,"href":"https:\/\/www.psv-unna.de\/index.php?rest_route=\/wp\/v2\/pages\/205\/revisions"}],"predecessor-version":[{"id":206,"href":"https:\/\/www.psv-unna.de\/index.php?rest_route=\/wp\/v2\/pages\/205\/revisions\/206"}],"wp:attachment":[{"href":"https:\/\/www.psv-unna.de\/index.php?rest_route=%2Fwp%2Fv2%2Fmedia&parent=205"}],"curies":[{"name":"wp","href":"https:\/\/api.w.org\/{rel}","templated":true}]}}