{"id":195,"date":"2017-11-17T15:48:10","date_gmt":"2017-11-17T15:48:10","guid":{"rendered":"http:\/\/www.psv-unna.de\/wordpress_01\/?page_id=195"},"modified":"2017-11-28T15:44:35","modified_gmt":"2017-11-28T15:44:35","slug":"dr-georg-stiebler-pokal","status":"publish","type":"page","link":"https:\/\/www.psv-unna.de\/?page_id=195","title":{"rendered":"Dr. Georg Stiebler Pokal"},"content":{"rendered":"<h2>Auszeichnung f\u00fcr verdiente Mitglieder<\/h2>\n<p>Im Jahre 2010 wurde durch den 1. Vorsitzenden des Polizeisportvereins Unna e.V. eine neue Auszeichnung f\u00fcr besonders verdiente Mitglieder ins Leben gerufen, der Dr. Georg Stiebler Pokal!<br \/>\nMit diesem Preis soll j\u00e4hrlich jeweils ein Mitglied ausgezeichnet werden, welches sich lange Zeit intensiv und uneigenn\u00fctzig um die Belage des Vereins bem\u00fcht hat.<\/p>\n<h3>2017: &#8211; Nicht vergeben!<\/h3>\n<h3>2016: Hildegard Ziebler<\/h3>\n<p>Hildegard Ziebler erhielt in diesem Jahr den Dr. Georg Stiebler Preis f\u00fcr ihre besonderen Verdienste um den Polizeisportverein Unna. Sie trat 1994 in den PSV Unna ein und \u00fcbernahm fortan die Gesch\u00e4ftsf\u00fchrung des Vereins. Damals hie\u00df der Vorsitzende noch Dr. Georg Stiebler, Gr\u00fcnder des Vereins und Namensgeber f\u00fcr diesen Preis. Frau Ziebler ist das Urgestein des Vorstandes. Unerm\u00fcdlich, engagiert und in aller Stille f\u00fchrt sie die Gesch\u00e4fte des Vereins. Dar\u00fcber hinaus gelingt es ihr stets mit Empathie und ihrer ansteckenden Fr\u00f6hlichkeit die Menschen auch in schwierigen Situationen zusammen zu bringen. Frau Ziebler nahm den Preis mit gro\u00dfem Stolz entgegen. Stolz, weil sie sich auch 19 Jahre nach dem Tod Dr. Stieblers noch gern und mit gl\u00e4nzenden Augen an einen beeindruckenden Menschen erinnert<\/p>\n<h3>2015: &#8211; Nicht vergeben!<\/h3>\n<p>&nbsp;<\/p>\n<h3>2014: Werner Pape<\/h3>\n<p><span class=\"textabteilungen\">In diesem Jahr wurde der Dr. Georg Stiebler Preis posthum an Werner Pape (Shanty-Chor) verliehen. Seine Tochter erhielt stellvertreten aus den H\u00e4nden des ersten Vorsitzenden Frank Schemmer den Preis \u00fcberreicht: &#8222;Werner Pape spielte nicht die erste Geige, was f\u00fcr den Shanty-Chor auch unpassend gewesen w\u00e4re. Er war mit seinem Akkordeon der Melodief\u00fchrer. Mit seinem feinen Gesp\u00fcr sorgte er f\u00fcr die Harmonie der Instrumente und den Einklang zu den kr\u00e4ftigen Stimmen der Sangesbr\u00fcder. Auch dar\u00fcber hinaus war seine Meinung stets gefragt. Er f\u00fchrte Menschen in allen Bereichen zusammen.&#8220;<\/span><\/p>\n<h3>2013: Winfried Fehse<\/h3>\n<p><span class=\"textabteilungen\">Eine besondere Auszeichnung wurde an Winnfried Fehse verliehen. \u201cWinnfried, du f\u00fchrst nicht nur seit vielen Jahren die Kasse des PSV. Du bist derjenige, der uns immer wieder die erforderlichen Impulse gibt, den Weg nach vorne zu gehen und dabei stets die rechtlichen \u00c4nderungen nicht aus den Augen zu verlieren. F\u00fcr uns bist du derjenige, der als Erster immer wieder seine Unterst\u00fctzung anbietet und als Erster die Dinge anpackst. Daf\u00fcr verleihen wir dir mit Stolz den Dr. Georg Stiebler Preis 2013,\u201d so Frank Schemmer in seiner Dankesansprache.<br \/>\n<a title=\"Dr. Stiebler Pokal 2013 - Winfried Fehse\" href=\"http:\/\/www.psv-unna.de\/wordpress_01\/bilder\/stiebler2013.jpg\" target=\"blank\">Bild<\/a><\/span><\/p>\n<h3>2012: Albrecht Jahn<\/h3>\n<p><span class=\"textabteilungen\">Der PSV w\u00fcrdigt Hr. Albercht Jahn f\u00fcr seine langj\u00e4hrige T\u00e4tigkeit im Vorstand der Tanzsportabteilung. Hier war er Gr\u00fcndungsmitglied, lange Jahre Gesch\u00e4ftsf\u00fchrer und sorgt heute noch f\u00fcr das Miteinander in der Abteilung. Die Auszeichnung ist eine Anerkennung seines ehrenamtlichen Gesamtengagementes. In zur\u00fcckhaltender und angenehmer Art f\u00fchrte er dies, auch \u00fcber den PSV hinaus, nahezu 40 Jahre in politischer Verantwortung aus.<\/span><\/p>\n<h3>2011: J\u00fcrgen Gunder<\/h3>\n<p><span class=\"textabteilungen\">Seit \u00fcber 20 Jahren Mitglied im PSV Unna. In dieser Zeit war er lange Zeit als Trainer im Bereich Jugend und Erwachsene t\u00e4tig. Seit \u00fcber 15 Jahren ist er nun schon als Kinder- und Jugendtrainer aktiv. Kasernenhof-Ton ist bei J\u00fcrgen Gunder ein Fremdwort. Durch seine besondere Pers\u00f6nlichkeit genie\u00dft J\u00fcrgen Gunder ganz besonders die Aufmerksamkeit und den Respekt der Kinder. Ein geordnetes und diszipliniertes miteinander auf der Matte ergibt sich dadurch ganz automatisch.<\/span><\/p>\n<h3>2010: Hans Br\u00fcning<\/h3>\n<p><span class=\"textabteilungen\">Seit \u00fcber 20 Jahren Mitglied im PSV Unna und fast genau so lange Leiter der Abteilung Jiu-Jitsu. Dar\u00fcber hinaus seit vielen Jahre als Trainer f\u00fcr Kinder, Jugend und Erwachsene t\u00e4tig. Hr. Br\u00fcning war und ist stets als kreativer Kopf der Abteilung und des Vereins aktiv. <\/span><\/p>\n","protected":false},"excerpt":{"rendered":"<p>Auszeichnung f\u00fcr verdiente Mitglieder Im Jahre 2010 wurde durch den 1. Vorsitzenden des Polizeisportvereins Unna e.V. eine neue Auszeichnung f\u00fcr besonders verdiente Mitglieder ins Leben gerufen, der Dr. Georg Stiebler Pokal! Mit diesem Preis soll j\u00e4hrlich jeweils ein Mitglied ausgezeichnet werden, welches sich lange Zeit intensiv und uneigenn\u00fctzig um die Belage des Vereins bem\u00fcht hat. [&hellip;]<\/p>\n","protected":false},"author":1,"featured_media":0,"parent":0,"menu_order":0,"comment_status":"closed","ping_status":"closed","template":"","meta":{"footnotes":""},"class_list":["post-195","page","type-page","status-publish","hentry"],"_links":{"self":[{"href":"https:\/\/www.psv-unna.de\/index.php?rest_route=\/wp\/v2\/pages\/195","targetHints":{"allow":["GET"]}}],"collection":[{"href":"https:\/\/www.psv-unna.de\/index.php?rest_route=\/wp\/v2\/pages"}],"about":[{"href":"https:\/\/www.psv-unna.de\/index.php?rest_route=\/wp\/v2\/types\/page"}],"author":[{"embeddable":true,"href":"https:\/\/www.psv-unna.de\/index.php?rest_route=\/wp\/v2\/users\/1"}],"replies":[{"embeddable":true,"href":"https:\/\/www.psv-unna.de\/index.php?rest_route=%2Fwp%2Fv2%2Fcomments&post=195"}],"version-history":[{"count":2,"href":"https:\/\/www.psv-unna.de\/index.php?rest_route=\/wp\/v2\/pages\/195\/revisions"}],"predecessor-version":[{"id":257,"href":"https:\/\/www.psv-unna.de\/index.php?rest_route=\/wp\/v2\/pages\/195\/revisions\/257"}],"wp:attachment":[{"href":"https:\/\/www.psv-unna.de\/index.php?rest_route=%2Fwp%2Fv2%2Fmedia&parent=195"}],"curies":[{"name":"wp","href":"https:\/\/api.w.org\/{rel}","templated":true}]}}