{"id":169,"date":"2017-11-16T14:59:08","date_gmt":"2017-11-16T14:59:08","guid":{"rendered":"http:\/\/www.psv-unna.de\/wordpress_01\/?page_id=169"},"modified":"2024-01-13T15:59:54","modified_gmt":"2024-01-13T15:59:54","slug":"sportschiessen","status":"publish","type":"page","link":"https:\/\/www.psv-unna.de\/?page_id=169","title":{"rendered":"Sportschie\u00dfen"},"content":{"rendered":"<h4>Abteilungsleiter \/ Kontakt<\/h4>\n<p>Reinald D\u00f6ring<br \/>\nEmail: <a class=\"copyright\" href=\"mailto:schuetzen@psv-unna.de\">schuetzen@psv-unna.de<\/a><br \/>\nTelefon: 0160 &#8211; 90258589<br \/>\nFax: 02303 &#8211; 9423974<\/p>\n<p>Die Abteilung der Sportsch\u00fctzen wurde 1984 im Polizeisportverein Unna e.V. gegr\u00fcndet.<br \/>\nAnfangs noch vornehmlich von Polizei und anderen Beh\u00f6rden sportlich genutzt, ist in der heutigen Zeit nat\u00fcrlich jeder herzlich willkommen zusammen mit uns als Mitglied zu trainieren und diesen interessanten Sport zu betreiben.<\/p>\n<p>Das Ziel unseres Vereinslebens ist die<\/p>\n<ul>\n<li>F\u00f6rderung der Geschicklichkeit<\/li>\n<li>Verbesserung der Technik,<\/li>\n<li>Schulung der Taktik,<\/li>\n<li>Verbesserung der Konzentrationsf\u00e4higkeit<\/li>\n<\/ul>\n<p>Im PSV wird sowohl mit Kurz- als auch Langwaffe trainiert.<br \/>\nEs besteht kein &#8222;Kost\u00fcmzwang&#8220;!<\/p>\n<p>Weitere Informationen finden Sie auf den Seiten der <a title=\"Abteilung Sportsch\u00fctzen, Polizeisportverein Unna e.V.\" href=\"http:\/\/www.psv-sportschuetzen.de\">Abteilung Sportsch\u00fctzen &#8230;..<\/a><\/p>\n","protected":false},"excerpt":{"rendered":"<p>Abteilungsleiter \/ Kontakt Reinald D\u00f6ring Email: schuetzen@psv-unna.de Telefon: 0160 &#8211; 90258589 Fax: 02303 &#8211; 9423974 Die Abteilung der Sportsch\u00fctzen wurde 1984 im Polizeisportverein Unna e.V. gegr\u00fcndet. Anfangs noch vornehmlich von Polizei und anderen Beh\u00f6rden sportlich genutzt, ist in der heutigen Zeit nat\u00fcrlich jeder herzlich willkommen zusammen mit uns als Mitglied zu trainieren und diesen interessanten [&hellip;]<\/p>\n","protected":false},"author":1,"featured_media":0,"parent":0,"menu_order":0,"comment_status":"closed","ping_status":"closed","template":"","meta":{"footnotes":""},"class_list":["post-169","page","type-page","status-publish","hentry"],"_links":{"self":[{"href":"https:\/\/www.psv-unna.de\/index.php?rest_route=\/wp\/v2\/pages\/169","targetHints":{"allow":["GET"]}}],"collection":[{"href":"https:\/\/www.psv-unna.de\/index.php?rest_route=\/wp\/v2\/pages"}],"about":[{"href":"https:\/\/www.psv-unna.de\/index.php?rest_route=\/wp\/v2\/types\/page"}],"author":[{"embeddable":true,"href":"https:\/\/www.psv-unna.de\/index.php?rest_route=\/wp\/v2\/users\/1"}],"replies":[{"embeddable":true,"href":"https:\/\/www.psv-unna.de\/index.php?rest_route=%2Fwp%2Fv2%2Fcomments&post=169"}],"version-history":[{"count":12,"href":"https:\/\/www.psv-unna.de\/index.php?rest_route=\/wp\/v2\/pages\/169\/revisions"}],"predecessor-version":[{"id":409,"href":"https:\/\/www.psv-unna.de\/index.php?rest_route=\/wp\/v2\/pages\/169\/revisions\/409"}],"wp:attachment":[{"href":"https:\/\/www.psv-unna.de\/index.php?rest_route=%2Fwp%2Fv2%2Fmedia&parent=169"}],"curies":[{"name":"wp","href":"https:\/\/api.w.org\/{rel}","templated":true}]}}