{"id":16,"date":"2017-11-14T19:06:22","date_gmt":"2017-11-14T19:06:22","guid":{"rendered":"http:\/\/www.psv-unna.de\/wordpress_01\/?page_id=16"},"modified":"2025-06-24T06:50:19","modified_gmt":"2025-06-24T06:50:19","slug":"jiu-jitsu","status":"publish","type":"page","link":"https:\/\/www.psv-unna.de\/?page_id=16","title":{"rendered":"Jiu-Jitsu"},"content":{"rendered":"<p><strong>Anmeldungen f\u00fcr Kinder und Jugendliche von 8 bis 14 Jahre f\u00fcr das Mittwochstraining aktuell wieder m\u00f6glich!!!<\/strong><\/p>\n<h4>Kontakt \/ \u00d6ffentlichkeitsarbeit<\/h4>\n<p>Lars Wessel<br \/>\nEmail: <a class=\"copyright\" href=\"mailto:jiu-jitsu@psv-unna.de\">jiu-jitsu@psv-unna.de<\/a><br \/>\nTelefon: 01575 959 2269<\/p>\n<p>&nbsp;<br \/>\nUnter Jiu-Jitsu versteht man eine Selbstverteidigungssportart, deren Urspr\u00fcnge im historischen Japan zu finden sind.<\/p>\n<div class=\"text_jiu-jitsu\">\n<p>Neben den Hauptelementen des Karate (Schl\u00e4ge, Tritte, Bl\u00f6cke) werden im Jiu-Jitsu ebenfalls die Inhalte des Judo gelehrt. Dieses begr\u00fcndet sich darin, dass man das Jiu-Jitsu als die Urform der japanischen Selbstverteidigungssportarten bezeichnen kann, w\u00e4hrend z.B. Karate und Judo eine &#8222;Spezialisierung&#8220; des Jiu-Jitsu sind!<\/p>\n<p>Im Polizeisportverein Unna e.V. k\u00f6nnen Sie das Jiu-Jitsu jeweils montags in der Falkschule in Unna und mittwochs in der Liedbachschule in Unna-Billmerich trainieren.<\/p>\n<p>Dar\u00fcber hinaus gibt es spezielle Angebote zum Thema Fighting \/ K\u00e4mpfen. Hier werden als Grundlage das derzeit im Trendt liegende MMA-K\u00e4mpfen sowie Elemente des Brasilian Jiu-Jitsu BJJ\u00a0zugrunde gelegt.<\/p>\n<p><span class=\"textabteilungen\">Neben dem Aspekt der Selbstverteidigung und der damit verbundenen Steigerung des Selbstbewu\u00dftseins bietet das Jiu-Jitsu-Training die M\u00f6glichkeit zur Verbesserung der Beweglichkeit sowie der Steigerung von Kraft und Kondition. Alle Altersgruppen, ab 6 Jahren, werden angesprochen. Im Training werden Sie von DOSB-Lizenzierten \u00dcbungsleitern betreut und trainieren nach neuesten Erkenntnissen der Sport- und Trainingslehre. Durch die traditionell japanischen Elemente, der sogenannten Budo-Etikette, werden speziell Kindern und Jugendlichen Werte wie der gegenseitige Respekt und die Einhaltung von Regeln vermittelt.<\/span><\/p>\n<p>Weitere Informationen finden Sie auf den Seiten der <a title=\"Abteilung Jiu-Jitsu, Polizeisportverein Unna e.V.\" href=\"https:\/\/www.psv-jiu-jitsu.de\">Abteilung Jiu-Jitsu &#8230;..<\/a>\n<\/div>\n","protected":false},"excerpt":{"rendered":"<p>Anmeldungen f\u00fcr Kinder und Jugendliche von 8 bis 14 Jahre f\u00fcr das Mittwochstraining aktuell wieder m\u00f6glich!!! Kontakt \/ \u00d6ffentlichkeitsarbeit Lars Wessel Email: jiu-jitsu@psv-unna.de Telefon: 01575 959 2269 &nbsp; Unter Jiu-Jitsu versteht man eine Selbstverteidigungssportart, deren Urspr\u00fcnge im historischen Japan zu finden sind. Neben den Hauptelementen des Karate (Schl\u00e4ge, Tritte, Bl\u00f6cke) werden im Jiu-Jitsu ebenfalls die [&hellip;]<\/p>\n","protected":false},"author":1,"featured_media":0,"parent":0,"menu_order":0,"comment_status":"closed","ping_status":"closed","template":"","meta":{"footnotes":""},"class_list":["post-16","page","type-page","status-publish","hentry"],"_links":{"self":[{"href":"https:\/\/www.psv-unna.de\/index.php?rest_route=\/wp\/v2\/pages\/16","targetHints":{"allow":["GET"]}}],"collection":[{"href":"https:\/\/www.psv-unna.de\/index.php?rest_route=\/wp\/v2\/pages"}],"about":[{"href":"https:\/\/www.psv-unna.de\/index.php?rest_route=\/wp\/v2\/types\/page"}],"author":[{"embeddable":true,"href":"https:\/\/www.psv-unna.de\/index.php?rest_route=\/wp\/v2\/users\/1"}],"replies":[{"embeddable":true,"href":"https:\/\/www.psv-unna.de\/index.php?rest_route=%2Fwp%2Fv2%2Fcomments&post=16"}],"version-history":[{"count":30,"href":"https:\/\/www.psv-unna.de\/index.php?rest_route=\/wp\/v2\/pages\/16\/revisions"}],"predecessor-version":[{"id":425,"href":"https:\/\/www.psv-unna.de\/index.php?rest_route=\/wp\/v2\/pages\/16\/revisions\/425"}],"wp:attachment":[{"href":"https:\/\/www.psv-unna.de\/index.php?rest_route=%2Fwp%2Fv2%2Fmedia&parent=16"}],"curies":[{"name":"wp","href":"https:\/\/api.w.org\/{rel}","templated":true}]}}