{"id":157,"date":"2017-11-16T12:47:57","date_gmt":"2017-11-16T12:47:57","guid":{"rendered":"http:\/\/www.psv-unna.de\/wordpress_01\/?page_id=157"},"modified":"2022-06-23T06:05:05","modified_gmt":"2022-06-23T06:05:05","slug":"polizeisportverein-unna-e-v","status":"publish","type":"page","link":"https:\/\/www.psv-unna.de\/","title":{"rendered":"Polizeisportverein Unna e.V."},"content":{"rendered":"<p>Unter dem Motto<\/p>\n<p><strong>&#8222;der andere Sport &#8230; die andere Freizeit &#8230;&#8220;<\/strong><br \/>\nhat sich der Polizeisportverein Unna e.V. zu einem der Mitgliederst\u00e4rksten Verein in Unna entwickelt. Er bietet Freizeitaktivit\u00e4ten in zurzeit 5 Abteilungen an:<\/p>\n<h5>Boxen, Jiu-Jitsu, Segeln, Sportschie\u00dfen und Tanzen<\/h5>\n<p>&nbsp;<\/p>\n<p>Gegr\u00fcndet wurde der Polizeisportverein Unna e.V. am 27. Juni 1983 in den Dienstr\u00e4umen des 1. Kommissariats in Unna. Neun Personen unterzeichneten die Gr\u00fcndungsurkunde, w\u00e4hlten einen Vorstand und gaben sich eine Satzung. Bis heute, \u00fcber 30 Jahre sp\u00e4ter, k\u00f6nnen wir auf eine sich fortschreibende Erfolgsgeschichte blicken. \u00dcber 600 Mitglieder treiben heute im PSV ihren Sport und treten f\u00fcr die Ziele unseres Vereins ein.<\/p>\n<p>Die Politik der Landesregierung in D\u00fcsseldorf war 1983 verantwortlich f\u00fcr die Gr\u00fcndung des Polizeisportvereins. Sport als Dienstsport der Polizei fand nur Anerkennung in einem ordentlichen Verein. Dies erf\u00fcllte die Sportgruppe der Mitarbeiter des 1. Kommissariats Unna, die sich regelm\u00e4\u00dfig zum Fu\u00dfballspielen in der Sporthalle der ehemaligen Katharinen Schule einfanden, nicht.<\/p>\n<p class=\"inhaltstext\">Dr. Georg Stiebler nahm dies auf und konnte seine Kollegen \u00fcberzeugen, den politischen Anforderungen Rechnung zu tragen und den Polizeisportverein Unna zu gr\u00fcnden. Fitnesstraining und Jiu &#8211; Jitsu \/ Kobudo Karate hie\u00dfen die Gr\u00fcndungsabteilungen. \u00dcber sie sollte der Zugang der Bev\u00f6lkerung zum PSV Unna m\u00f6glich sein. &#8222;Dein Freund und Helfer&#8220; sollte jedem auch als &#8222;Sportsfreund&#8220; zur Seite stehen und helfen Hemmschwellen der B\u00fcrgerschaft zur Staatsgewalt abzubauen.<\/p>\n<p class=\"inhaltstext\">Seither ist es gelungen, den PSV in Unna zu etablieren, ihn zum gr\u00f6\u00dften Verein ohne Ballsport zu entwickeln und in der Gesellschaft zu verankern. Der Polizeisportverein hat sich dabei stets um Benachteiligte, insbesondere auch Fl\u00fcchtlinge und Emigranten, gek\u00fcmmert und ihnen ein St\u00fcck neuer Heimat gegeben.<\/p>\n<p class=\"inhaltstext\">&#8222;Der andere Sport, die andere Freizeit&#8220; lautet der Slogan unseres PSV. Treffender k\u00f6nnen wir es nicht bezeichnen. Abteilungen wie Segeln, Tanzen und der Shantychor w\u00fcrde niemand im Herzen Westfalens erwarten. Hier im Polizeisportverein k\u00f6nnen wir stolz darauf sein, dass sich Menschen aus Freude am Sport zusammenschlie\u00dfen.<\/p>\n<p class=\"inhaltstext\">Unser Verein ist, dank der Hilfe der Mitglieder und Unterst\u00fctzer, lebendig, aktiv und gut f\u00fcr eine lange Zukunft aufgestellt.<\/p>\n<p><em>Quelle: Gru\u00dfwort des 1. Vorsitzenden Hr. Frank Schemmer zum 25-j\u00e4hrigen Vereinsjubil\u00e4um<\/em><\/p>\n<p>&nbsp;<\/p>\n","protected":false},"excerpt":{"rendered":"<p>Unter dem Motto &#8222;der andere Sport &#8230; die andere Freizeit &#8230;&#8220; hat sich der Polizeisportverein Unna e.V. zu einem der Mitgliederst\u00e4rksten Verein in Unna entwickelt. Er bietet Freizeitaktivit\u00e4ten in zurzeit 5 Abteilungen an: Boxen, Jiu-Jitsu, Segeln, Sportschie\u00dfen und Tanzen &nbsp; Gegr\u00fcndet wurde der Polizeisportverein Unna e.V. am 27. Juni 1983 in den Dienstr\u00e4umen des 1. [&hellip;]<\/p>\n","protected":false},"author":1,"featured_media":0,"parent":0,"menu_order":0,"comment_status":"closed","ping_status":"closed","template":"","meta":{"footnotes":""},"class_list":["post-157","page","type-page","status-publish","hentry"],"_links":{"self":[{"href":"https:\/\/www.psv-unna.de\/index.php?rest_route=\/wp\/v2\/pages\/157","targetHints":{"allow":["GET"]}}],"collection":[{"href":"https:\/\/www.psv-unna.de\/index.php?rest_route=\/wp\/v2\/pages"}],"about":[{"href":"https:\/\/www.psv-unna.de\/index.php?rest_route=\/wp\/v2\/types\/page"}],"author":[{"embeddable":true,"href":"https:\/\/www.psv-unna.de\/index.php?rest_route=\/wp\/v2\/users\/1"}],"replies":[{"embeddable":true,"href":"https:\/\/www.psv-unna.de\/index.php?rest_route=%2Fwp%2Fv2%2Fcomments&post=157"}],"version-history":[{"count":16,"href":"https:\/\/www.psv-unna.de\/index.php?rest_route=\/wp\/v2\/pages\/157\/revisions"}],"predecessor-version":[{"id":363,"href":"https:\/\/www.psv-unna.de\/index.php?rest_route=\/wp\/v2\/pages\/157\/revisions\/363"}],"wp:attachment":[{"href":"https:\/\/www.psv-unna.de\/index.php?rest_route=%2Fwp%2Fv2%2Fmedia&parent=157"}],"curies":[{"name":"wp","href":"https:\/\/api.w.org\/{rel}","templated":true}]}}