{"id":220,"date":"2017-11-17T16:17:57","date_gmt":"2017-11-17T16:17:57","guid":{"rendered":"http:\/\/www.psv-unna.de\/wordpress_01\/?page_id=220"},"modified":"2017-11-17T16:18:18","modified_gmt":"2017-11-17T16:18:18","slug":"2016-jahresabschluss-und-ehrungen","status":"publish","type":"page","link":"http:\/\/www.psv-unna.de\/?page_id=220","title":{"rendered":"2016 &#8211; Jahresabschluss und Ehrungen"},"content":{"rendered":"<p>Der Polizeisportverein Unna lud traditionell zum Jahresabschluss mit Mitgliederehrung ein. In diesem Jahr durfte der Vorstand zwei Mitglieder f\u00fcr ihr 25-j\u00e4hriges Engagement im PSV ehren.<\/p>\n<p>Horst Jaeschok und Otto Langwald waren beide lange Jahre in der Segelabteilung aktiv. An seinem Abend berichtete Horst Jaeschok von seinen Erlebnissen in dieser Zeit. Stolz war er auf die Entwicklung in der Abteilung, die seit einigen Jahren einen eigenen Steg am M\u00f6hnesee hat. Mit den sich hieraus bietenden M\u00f6glichkeiten erkennt er eine gute Grundlage zum Segeln und der Entwicklung der Geselligkeit.<\/p>\n<p>Hildegard Ziebler erhielt in diesem Jahr den Dr. Georg Stiebler Preis f\u00fcr ihre besonderen Verdienste um den Polizeisportverein Unna. Sie trat 1994 in den PSV Unna ein und \u00fcbernahm fortan die Gesch\u00e4ftsf\u00fchrung des Vereins. Damals hie\u00df der Vorsitzende noch Dr. Georg Stiebler, Gr\u00fcnder des Vereins und Namensgeber f\u00fcr diesen Preis. Frau Ziebler ist das Urgestein des Vorstandes. Unerm\u00fcdlich, engagiert und in aller Stille f\u00fchrt sie die Gesch\u00e4fte des Vereins. Dar\u00fcber hinaus gelingt es ihr stets mit Empathie und ihrer ansteckenden Fr\u00f6hlichkeit die Menschen auch in schwierigen Situationen zusammen zu bringen. Frau Ziebler nahm den Preis mit gro\u00dfem Stolz entgegen. Stolz, weil sie sich auch 19 Jahre nach dem Tod Dr. Stieblers noch gern und mit gl\u00e4nzenden Augen an einen beeindruckenden Menschen erinnert.<\/p>\n<p>Inzwischen ist der Polizeisportverein Unna zum Dauergastgeber f\u00fcr Polizeimeisterschaften geworden. In diesem Jahr waren es die Meisterschaften der radelnden Polizisten, die gemeinsam mit der Polizei Borken in Reken ausgetragen wurden. Viel Lob gab es f\u00fcr diese Veranstaltung von allen Seiten. Im kommenden Jahr hat der PSV zur Jahrestagung die Polizeisportvereine des Landes NRW als Gast. Mit Unterst\u00fctzung von Landrat Michael Makiolla findet die Tagung im Gut Opherdicke statt.<\/p>\n<p>Der Polizeisportverein w\u00fcnscht allen eine friedvolle Adventszeit und ein zufriedenes Jahr 2017!<\/p>\n<p>Mit freundlichem Gru\u00df<br \/>\ngez. Frank Schemmer<\/p>\n<p><img loading=\"lazy\" decoding=\"async\" class=\"alignleft wp-image-104 size-full\" src=\"http:\/\/www.psv-unna.de\/wordpress_01\/wp-content\/uploads\/2017\/11\/2016-jabschluss.jpg\" alt=\"\" width=\"1414\" height=\"803\" srcset=\"http:\/\/www.psv-unna.de\/wp-content\/uploads\/2017\/11\/2016-jabschluss.jpg 1414w, http:\/\/www.psv-unna.de\/wp-content\/uploads\/2017\/11\/2016-jabschluss-300x170.jpg 300w, http:\/\/www.psv-unna.de\/wp-content\/uploads\/2017\/11\/2016-jabschluss-768x436.jpg 768w, http:\/\/www.psv-unna.de\/wp-content\/uploads\/2017\/11\/2016-jabschluss-1024x582.jpg 1024w, http:\/\/www.psv-unna.de\/wp-content\/uploads\/2017\/11\/2016-jabschluss-900x511.jpg 900w, http:\/\/www.psv-unna.de\/wp-content\/uploads\/2017\/11\/2016-jabschluss-1280x727.jpg 1280w\" sizes=\"auto, (max-width: 1414px) 100vw, 1414px\" \/><\/p>\n","protected":false},"excerpt":{"rendered":"<p>Der Polizeisportverein Unna lud traditionell zum Jahresabschluss mit Mitgliederehrung ein. In diesem Jahr durfte der Vorstand zwei Mitglieder f\u00fcr ihr 25-j\u00e4hriges Engagement im PSV ehren. Horst Jaeschok und Otto Langwald waren beide lange Jahre in der Segelabteilung aktiv. An seinem Abend berichtete Horst Jaeschok von seinen Erlebnissen in dieser Zeit. Stolz war er auf die [&hellip;]<\/p>\n","protected":false},"author":1,"featured_media":0,"parent":0,"menu_order":0,"comment_status":"closed","ping_status":"closed","template":"","meta":{"footnotes":""},"class_list":["post-220","page","type-page","status-publish","hentry"],"_links":{"self":[{"href":"http:\/\/www.psv-unna.de\/index.php?rest_route=\/wp\/v2\/pages\/220","targetHints":{"allow":["GET"]}}],"collection":[{"href":"http:\/\/www.psv-unna.de\/index.php?rest_route=\/wp\/v2\/pages"}],"about":[{"href":"http:\/\/www.psv-unna.de\/index.php?rest_route=\/wp\/v2\/types\/page"}],"author":[{"embeddable":true,"href":"http:\/\/www.psv-unna.de\/index.php?rest_route=\/wp\/v2\/users\/1"}],"replies":[{"embeddable":true,"href":"http:\/\/www.psv-unna.de\/index.php?rest_route=%2Fwp%2Fv2%2Fcomments&post=220"}],"version-history":[{"count":2,"href":"http:\/\/www.psv-unna.de\/index.php?rest_route=\/wp\/v2\/pages\/220\/revisions"}],"predecessor-version":[{"id":222,"href":"http:\/\/www.psv-unna.de\/index.php?rest_route=\/wp\/v2\/pages\/220\/revisions\/222"}],"wp:attachment":[{"href":"http:\/\/www.psv-unna.de\/index.php?rest_route=%2Fwp%2Fv2%2Fmedia&parent=220"}],"curies":[{"name":"wp","href":"https:\/\/api.w.org\/{rel}","templated":true}]}}