{"id":216,"date":"2017-11-17T16:16:19","date_gmt":"2017-11-17T16:16:19","guid":{"rendered":"http:\/\/www.psv-unna.de\/wordpress_01\/?page_id=216"},"modified":"2017-11-17T16:16:19","modified_gmt":"2017-11-17T16:16:19","slug":"2014-jahresabschluss-und-ehrungen","status":"publish","type":"page","link":"http:\/\/www.psv-unna.de\/?page_id=216","title":{"rendered":"2014 &#8211; Jahresabschluss und Ehrungen"},"content":{"rendered":"<p>Ehrungen verdienter Mitglieder standen beim Jahresabschluss des Polizeisportvereins Unna im Mittelpunkt. In diesem Jahr konnte der Vorstand mit Helga und Dr. Gert Langer (Tanzen), Kl\u00e4re und Egon Schaefer (Tanzen),Wilhelm Schulze-Selmig (Shanty-Chor) und Wolfgang Korte (Sportsch\u00fctzen) gleich sechs Mitgliedern eine Auszeichnung zur 25-j\u00e4hrigen Mitgliedschaft \u00fcberreichen. Eine besondere Ehre wurde posthum an Werner Pape (Shanty-Chor) verliehen. Ihm wurde nach Beschluss des Vereins der Dr. Georg Stiebler Preis f\u00fcr besondere Verdienste verliehen. Im Rampenlicht des Vereins stand in diesem Jahr der Shanty-Chor, der mit starker Stimme und unter gro\u00dfem Applaus in diesem Fr\u00fchjahr sein 25-j\u00e4hriges Jubil\u00e4um feierte. Im Mittelpunkt des kommenden Jahres stehen die Polizei-Landesmeisterschaften in der Leichtathletik, die erneut in Kamen ausgerichtet werden.<\/p>\n<p>&nbsp;<\/p>\n","protected":false},"excerpt":{"rendered":"<p>Ehrungen verdienter Mitglieder standen beim Jahresabschluss des Polizeisportvereins Unna im Mittelpunkt. In diesem Jahr konnte der Vorstand mit Helga und Dr. Gert Langer (Tanzen), Kl\u00e4re und Egon Schaefer (Tanzen),Wilhelm Schulze-Selmig (Shanty-Chor) und Wolfgang Korte (Sportsch\u00fctzen) gleich sechs Mitgliedern eine Auszeichnung zur 25-j\u00e4hrigen Mitgliedschaft \u00fcberreichen. Eine besondere Ehre wurde posthum an Werner Pape (Shanty-Chor) verliehen. Ihm [&hellip;]<\/p>\n","protected":false},"author":1,"featured_media":0,"parent":0,"menu_order":0,"comment_status":"closed","ping_status":"closed","template":"","meta":{"footnotes":""},"class_list":["post-216","page","type-page","status-publish","hentry"],"_links":{"self":[{"href":"http:\/\/www.psv-unna.de\/index.php?rest_route=\/wp\/v2\/pages\/216","targetHints":{"allow":["GET"]}}],"collection":[{"href":"http:\/\/www.psv-unna.de\/index.php?rest_route=\/wp\/v2\/pages"}],"about":[{"href":"http:\/\/www.psv-unna.de\/index.php?rest_route=\/wp\/v2\/types\/page"}],"author":[{"embeddable":true,"href":"http:\/\/www.psv-unna.de\/index.php?rest_route=\/wp\/v2\/users\/1"}],"replies":[{"embeddable":true,"href":"http:\/\/www.psv-unna.de\/index.php?rest_route=%2Fwp%2Fv2%2Fcomments&post=216"}],"version-history":[{"count":1,"href":"http:\/\/www.psv-unna.de\/index.php?rest_route=\/wp\/v2\/pages\/216\/revisions"}],"predecessor-version":[{"id":217,"href":"http:\/\/www.psv-unna.de\/index.php?rest_route=\/wp\/v2\/pages\/216\/revisions\/217"}],"wp:attachment":[{"href":"http:\/\/www.psv-unna.de\/index.php?rest_route=%2Fwp%2Fv2%2Fmedia&parent=216"}],"curies":[{"name":"wp","href":"https:\/\/api.w.org\/{rel}","templated":true}]}}