{"id":211,"date":"2017-11-17T16:13:51","date_gmt":"2017-11-17T16:13:51","guid":{"rendered":"http:\/\/www.psv-unna.de\/wordpress_01\/?page_id=211"},"modified":"2017-11-17T16:13:51","modified_gmt":"2017-11-17T16:13:51","slug":"2012-jahresabschluss-und-ehrungen","status":"publish","type":"page","link":"http:\/\/www.psv-unna.de\/?page_id=211","title":{"rendered":"2012 &#8211; Jahresabschluss und Ehrungen"},"content":{"rendered":"<div class=\"inhalt\">\n<div class=\"navigation\">\n<h5 class=\"menuebene1\">Albrecht Jahn erh\u00e4lt Sonderpreis<\/h5>\n<\/div>\n<div class=\"textimpressum\">\n<p>Der Dr. Georg Stiebler Preis, den der PSV Unna seit drei Jahren im Andeken an seinen langj\u00e4hrigen Vereinsvorsitzenden vergibt, ging in diesem Jahr an Albrecht Jahn. Damit w\u00fcrdigt der PSV Jahn f\u00fcr seine langj\u00e4hrige T\u00e4tigkeit im Vorstand der Tanzsportabteilung. Hier war er Gr\u00fcndungsmitglied, lange Jahre Gesch\u00e4ftsf\u00fchrer und sorgt heute noch f\u00fcr das Miteinander in der Abteilung. Die Auszeichnung ist eine Anerkennung seines ehrenamtlichen Gesamtengagementes. In zur\u00fcckhaltender und angenehmer Art f\u00fchrte er dies, auch \u00fcber den PSV hinaus, nahezu 40 Jahre in politischer Verantwortung aus.<\/p>\n<p>Dar\u00fcber hinaus ehrte der Polizeisportverein Sabine R\u00fcckner, J\u00fcrgen Gunder und Josef Grunwald f\u00fcr ihre 25 Jahre Mitgliedschaft. In den Ehrungsansprachen hoben die Abteilungsvorsitzenden das Engagement der Jubilare mit eindrucksvollen Worten hervor.<\/p>\n<p>Der PSV Unna blickt zuversichtlich in das kommende Jahr. Es wird schwierig sein, die Erfolge aus diesem Jahr zu wiederholen. Das ISSA-Shanty Festival in der ausverkauften Stadthalle oder die Erfolge der Sportsch\u00fctzen bei deutschen Meisterschaften sind dabei nur die Spitze der herausragende Ereignisse.<\/p>\n<p>Der Polizeisportverein kann sich auf seine zahlreichen Helfer verlassen. Damit wird auch die Ausrichtung der Polizeilandesmeisterschaften in der Leichtathletik im kommenden Jahr ein besonderer H\u00f6hepunkt f\u00fcr die Polizeisportler.<\/p>\n<p>Ihr<br \/>\nFrank Schemmer<\/p>\n<p><center><img decoding=\"async\" src=\"http:\/\/www.psv-unna.de\/wordpress_01\/nachrichten\/bild2013-01_01.jpg\" alt=\"Polizeisportverein Unna ehrt langj\u00e4hrige Mitglieder\" \/><\/center><\/div>\n<\/div>\n","protected":false},"excerpt":{"rendered":"<p>Albrecht Jahn erh\u00e4lt Sonderpreis Der Dr. Georg Stiebler Preis, den der PSV Unna seit drei Jahren im Andeken an seinen langj\u00e4hrigen Vereinsvorsitzenden vergibt, ging in diesem Jahr an Albrecht Jahn. Damit w\u00fcrdigt der PSV Jahn f\u00fcr seine langj\u00e4hrige T\u00e4tigkeit im Vorstand der Tanzsportabteilung. Hier war er Gr\u00fcndungsmitglied, lange Jahre Gesch\u00e4ftsf\u00fchrer und sorgt heute noch f\u00fcr [&hellip;]<\/p>\n","protected":false},"author":1,"featured_media":0,"parent":0,"menu_order":0,"comment_status":"closed","ping_status":"closed","template":"","meta":{"footnotes":""},"class_list":["post-211","page","type-page","status-publish","hentry"],"_links":{"self":[{"href":"http:\/\/www.psv-unna.de\/index.php?rest_route=\/wp\/v2\/pages\/211","targetHints":{"allow":["GET"]}}],"collection":[{"href":"http:\/\/www.psv-unna.de\/index.php?rest_route=\/wp\/v2\/pages"}],"about":[{"href":"http:\/\/www.psv-unna.de\/index.php?rest_route=\/wp\/v2\/types\/page"}],"author":[{"embeddable":true,"href":"http:\/\/www.psv-unna.de\/index.php?rest_route=\/wp\/v2\/users\/1"}],"replies":[{"embeddable":true,"href":"http:\/\/www.psv-unna.de\/index.php?rest_route=%2Fwp%2Fv2%2Fcomments&post=211"}],"version-history":[{"count":1,"href":"http:\/\/www.psv-unna.de\/index.php?rest_route=\/wp\/v2\/pages\/211\/revisions"}],"predecessor-version":[{"id":212,"href":"http:\/\/www.psv-unna.de\/index.php?rest_route=\/wp\/v2\/pages\/211\/revisions\/212"}],"wp:attachment":[{"href":"http:\/\/www.psv-unna.de\/index.php?rest_route=%2Fwp%2Fv2%2Fmedia&parent=211"}],"curies":[{"name":"wp","href":"https:\/\/api.w.org\/{rel}","templated":true}]}}