{"id":208,"date":"2017-11-17T16:11:39","date_gmt":"2017-11-17T16:11:39","guid":{"rendered":"http:\/\/www.psv-unna.de\/wordpress_01\/?page_id=208"},"modified":"2017-11-17T16:11:39","modified_gmt":"2017-11-17T16:11:39","slug":"2011-polizeisportehrung","status":"publish","type":"page","link":"http:\/\/www.psv-unna.de\/?page_id=208","title":{"rendered":"2011 &#8211; Polizeisportehrung"},"content":{"rendered":"<h5><span class=\"texttermine\"><span class=\"fett\">Unna\u00a0<\/span> <\/span><\/h5>\n<p>Am Mittwoch, den 06.04.2011, findet in der Unnaer Stadthalle die Polizeisportler-Ehrung 2010 statt. Gemeinsam mit der Kreispolizeibeh\u00f6rde Unna richtet der Polizeisportverein Unna diese Veranstaltung aus. Mit der \u00dcbertragung der Veranstaltung an den PSV Unna macht das Ministerium f\u00fcr Inneres und Kommunales (MIK NRW) eine besondere Wertsch\u00e4tzung in die Leistungsf\u00e4higkeit des PSV Unna deutlich, die in dieser Veranstaltung ihren H\u00f6hepunkt sieht.<\/p>\n<p>Die anstehenden Ehrungen von erfolgreichen Teilnahmen bei Deutschen Meisterschaften, Europa- und Weltmeisterschaften werden durch den Minister f\u00fcr Inneres und Kommunales, Herrn Ralf J\u00e4ger, den Polizeisportbeauftragten NRW sowie Landrat Michael Makiolla durchgef\u00fchrt. Die Ehrungen verteilen sich auf eine Vielzahl von Sportarten, bis hin zu exotisch anmutenden Disziplinen wie dem Sportkegeln und Barfu\u00df-Wasserski.<\/p>\n<p>Im Rahmenprogramm werden die 150 Teilnehmer und G\u00e4ste durch das M\u00e4rkische Berufskolleg mit einer Tanzvorf\u00fchrung, durch eine Trainingseinlage der Dt. Vizemeisterin des PSV Unna im Boxen der Juniorinnen (mit besonderem Trainingspartner) und durch eine akrobatische Darbietung des Zirkus Travados unterhalten.<\/p>\n<p>Ein herzlicher Dank gilt an dieser Stelle der Sparkasse Unna und der Stadt Unna. Nur durch die intensive Unterst\u00fctzung von Sparkasse und Stadt Unna konnte die Veranstaltung in diesem besonderen Format geplant werden.<\/p>\n<p>Eine Wegbeschreibung zur Anreise \u201eStadthalle Unna\u201c finden Sie unter dem nachfolgenden Link:<\/p>\n<p><a href=\"http:\/\/www.unna-marketing.de\/anfahrt.htm\" target=\"blank\">http:\/\/www.unna-marketing.de\/anfahrt.htm<\/a><\/p>\n<p>&nbsp;<\/p>\n","protected":false},"excerpt":{"rendered":"<p>Unna\u00a0 Am Mittwoch, den 06.04.2011, findet in der Unnaer Stadthalle die Polizeisportler-Ehrung 2010 statt. Gemeinsam mit der Kreispolizeibeh\u00f6rde Unna richtet der Polizeisportverein Unna diese Veranstaltung aus. Mit der \u00dcbertragung der Veranstaltung an den PSV Unna macht das Ministerium f\u00fcr Inneres und Kommunales (MIK NRW) eine besondere Wertsch\u00e4tzung in die Leistungsf\u00e4higkeit des PSV Unna deutlich, die [&hellip;]<\/p>\n","protected":false},"author":1,"featured_media":0,"parent":0,"menu_order":0,"comment_status":"closed","ping_status":"closed","template":"","meta":{"footnotes":""},"class_list":["post-208","page","type-page","status-publish","hentry"],"_links":{"self":[{"href":"http:\/\/www.psv-unna.de\/index.php?rest_route=\/wp\/v2\/pages\/208","targetHints":{"allow":["GET"]}}],"collection":[{"href":"http:\/\/www.psv-unna.de\/index.php?rest_route=\/wp\/v2\/pages"}],"about":[{"href":"http:\/\/www.psv-unna.de\/index.php?rest_route=\/wp\/v2\/types\/page"}],"author":[{"embeddable":true,"href":"http:\/\/www.psv-unna.de\/index.php?rest_route=\/wp\/v2\/users\/1"}],"replies":[{"embeddable":true,"href":"http:\/\/www.psv-unna.de\/index.php?rest_route=%2Fwp%2Fv2%2Fcomments&post=208"}],"version-history":[{"count":1,"href":"http:\/\/www.psv-unna.de\/index.php?rest_route=\/wp\/v2\/pages\/208\/revisions"}],"predecessor-version":[{"id":209,"href":"http:\/\/www.psv-unna.de\/index.php?rest_route=\/wp\/v2\/pages\/208\/revisions\/209"}],"wp:attachment":[{"href":"http:\/\/www.psv-unna.de\/index.php?rest_route=%2Fwp%2Fv2%2Fmedia&parent=208"}],"curies":[{"name":"wp","href":"https:\/\/api.w.org\/{rel}","templated":true}]}}