{"id":172,"date":"2017-11-16T15:00:36","date_gmt":"2017-11-16T15:00:36","guid":{"rendered":"http:\/\/www.psv-unna.de\/wordpress_01\/?page_id=172"},"modified":"2024-01-13T16:02:37","modified_gmt":"2024-01-13T16:02:37","slug":"segeln-2","status":"publish","type":"page","link":"http:\/\/www.psv-unna.de\/?page_id=172","title":{"rendered":"Segeln"},"content":{"rendered":"<h4>Abteilungsleiterin \/Kontakt<\/h4>\n<p>Karsten Kalle<br \/>\nTelefon: 0157 &#8211; 71 34 35 32<br \/>\nEmail: <a class=\"copyright\" href=\"mailto:segeln@psv-unna.de\">segeln@psv-unna.de<\/a><\/p>\n<p>(Kontakt-Optional: Frank Nobis, Tel.\u00a002308 \u2013 932063, Email: frank.nobis@psv-segeln.de)<\/p>\n<p>&nbsp;<\/p>\n<p>In der Abteilung sollen Spa\u00df und Freude am Segelsport vermittelt werden.<\/p>\n<p>Die Segelabteilung des PSV hat mehrere eigene Jollen, die am M\u00f6hnesee liegen und von den Mitgliedern kostenlos genutzt werden k\u00f6nnen.<\/p>\n<p>Das breite Aus- und Weiterbildungsangebot stellt einen Eckpfeiler der Segelabteilung dar. Hierzu z\u00e4hlen z.B.:<\/p>\n<ul>\n<li>Sportbootf\u00fchrerschein Binnen (Motor und Segel) sowie Sportk\u00fcstenschifferschein<\/li>\n<li>Beschr\u00e4nkt g\u00fcltiges Funkbetriebszeugnis (SRC)<\/li>\n<li>Binnenschifffahrtfunk (UBI)<\/li>\n<li>Wetterkunde-Seminar<\/li>\n<li>Sicherheits- und Rettungstraining<\/li>\n<li>Seminar mit Theorie und Praxis f\u00fcr die \u201cSachkundepr\u00fcfung Seenotsignalmittel&#8220;<\/li>\n<\/ul>\n<p><span class=\"textabteilungen\">Die Ausbildungen k\u00f6nnen zum Teil ebenfalls kostenlos von den Mitgliedern genutzt werden.<\/span>Die Pflege der Kameradschaft, die Mithilfe bei der Pflege, Wartung und Instandhaltung unserer Boote, die Bereitschaft eigenes Wissen und Erfahrungen im Verein weiterzugeben sind nur einige Aspekte unserer Vereinst\u00e4tigkeit.<\/p>\n<p>Weitere Informationen finden Sie auf den Seiten der <a title=\"Abteilung Segeln, Polizeisportverein Unna e.V.\" href=\"http:\/\/www.psv-segeln.de\/\">Abteilung Segeln &#8230;..<\/a><\/p>\n","protected":false},"excerpt":{"rendered":"<p>Abteilungsleiterin \/Kontakt Karsten Kalle Telefon: 0157 &#8211; 71 34 35 32 Email: segeln@psv-unna.de (Kontakt-Optional: Frank Nobis, Tel.\u00a002308 \u2013 932063, Email: frank.nobis@psv-segeln.de) &nbsp; In der Abteilung sollen Spa\u00df und Freude am Segelsport vermittelt werden. Die Segelabteilung des PSV hat mehrere eigene Jollen, die am M\u00f6hnesee liegen und von den Mitgliedern kostenlos genutzt werden k\u00f6nnen. Das breite [&hellip;]<\/p>\n","protected":false},"author":1,"featured_media":0,"parent":0,"menu_order":0,"comment_status":"closed","ping_status":"closed","template":"","meta":{"footnotes":""},"class_list":["post-172","page","type-page","status-publish","hentry"],"_links":{"self":[{"href":"http:\/\/www.psv-unna.de\/index.php?rest_route=\/wp\/v2\/pages\/172","targetHints":{"allow":["GET"]}}],"collection":[{"href":"http:\/\/www.psv-unna.de\/index.php?rest_route=\/wp\/v2\/pages"}],"about":[{"href":"http:\/\/www.psv-unna.de\/index.php?rest_route=\/wp\/v2\/types\/page"}],"author":[{"embeddable":true,"href":"http:\/\/www.psv-unna.de\/index.php?rest_route=\/wp\/v2\/users\/1"}],"replies":[{"embeddable":true,"href":"http:\/\/www.psv-unna.de\/index.php?rest_route=%2Fwp%2Fv2%2Fcomments&post=172"}],"version-history":[{"count":13,"href":"http:\/\/www.psv-unna.de\/index.php?rest_route=\/wp\/v2\/pages\/172\/revisions"}],"predecessor-version":[{"id":412,"href":"http:\/\/www.psv-unna.de\/index.php?rest_route=\/wp\/v2\/pages\/172\/revisions\/412"}],"wp:attachment":[{"href":"http:\/\/www.psv-unna.de\/index.php?rest_route=%2Fwp%2Fv2%2Fmedia&parent=172"}],"curies":[{"name":"wp","href":"https:\/\/api.w.org\/{rel}","templated":true}]}}